{"id":1180,"date":"2026-02-21T17:33:47","date_gmt":"2026-02-21T17:33:47","guid":{"rendered":"https:\/\/bbbarcos.com\/novo\/?page_id=1180"},"modified":"2026-03-09T19:51:10","modified_gmt":"2026-03-09T19:51:10","slug":"cat-bb-66-2","status":"publish","type":"page","link":"https:\/\/bbbarcos.com\/novo\/cat-bb-66-2\/","title":{"rendered":"Cat BB 66"},"content":{"rendered":"\t\t<div data-elementor-type=\"wp-page\" data-elementor-id=\"1180\" class=\"elementor elementor-1180\">\n\t\t\t\t\t\t<section class=\"elementor-section elementor-top-section elementor-element elementor-element-272d67d elementor-section-full_width elementor-section-height-min-height elementor-section-height-default elementor-section-items-middle\" data-id=\"272d67d\" data-element_type=\"section\" data-settings=\"{&quot;background_background&quot;:&quot;classic&quot;}\">\n\t\t\t\t\t\t<div class=\"elementor-container elementor-column-gap-default\">\n\t\t\t\t\t<div class=\"elementor-column elementor-col-100 elementor-top-column elementor-element elementor-element-fbb5748\" data-id=\"fbb5748\" data-element_type=\"column\">\n\t\t\t<div class=\"elementor-widget-wrap elementor-element-populated\">\n\t\t\t\t\t\t\t<\/div>\n\t\t<\/div>\n\t\t\t\t\t<\/div>\n\t\t<\/section>\n\t\t\t\t<section class=\"elementor-section elementor-top-section elementor-element elementor-element-402e2ed elementor-section-boxed elementor-section-height-default elementor-section-height-default\" data-id=\"402e2ed\" data-element_type=\"section\">\n\t\t\t\t\t\t<div class=\"elementor-container elementor-column-gap-default\">\n\t\t\t\t\t<div class=\"elementor-column elementor-col-100 elementor-top-column elementor-element elementor-element-985a0a1\" data-id=\"985a0a1\" data-element_type=\"column\">\n\t\t\t<div class=\"elementor-widget-wrap elementor-element-populated\">\n\t\t\t\t\t\t<div class=\"elementor-element elementor-element-c28d4cf elementor-widget elementor-widget-spacer\" data-id=\"c28d4cf\" data-element_type=\"widget\" data-widget_type=\"spacer.default\">\n\t\t\t\t<div class=\"elementor-widget-container\">\n\t\t\t\t\t\t\t<div class=\"elementor-spacer\">\n\t\t\t<div class=\"elementor-spacer-inner\"><\/div>\n\t\t<\/div>\n\t\t\t\t\t\t<\/div>\n\t\t\t\t<\/div>\n\t\t\t\t\t<\/div>\n\t\t<\/div>\n\t\t\t\t\t<\/div>\n\t\t<\/section>\n\t\t\t\t<section class=\"elementor-section elementor-top-section elementor-element elementor-element-37ab738 elementor-section-boxed elementor-section-height-default elementor-section-height-default\" data-id=\"37ab738\" data-element_type=\"section\">\n\t\t\t\t\t\t<div class=\"elementor-container elementor-column-gap-default\">\n\t\t\t\t\t<div class=\"elementor-column elementor-col-50 elementor-top-column elementor-element elementor-element-95e4269\" data-id=\"95e4269\" data-element_type=\"column\">\n\t\t\t<div class=\"elementor-widget-wrap elementor-element-populated\">\n\t\t\t\t\t\t<section class=\"elementor-section elementor-inner-section elementor-element elementor-element-4a4dd78 elementor-section-boxed elementor-section-height-default elementor-section-height-default\" data-id=\"4a4dd78\" data-element_type=\"section\">\n\t\t\t\t\t\t<div class=\"elementor-container elementor-column-gap-default\">\n\t\t\t\t\t<div class=\"elementor-column elementor-col-50 elementor-inner-column elementor-element elementor-element-09c2283\" data-id=\"09c2283\" data-element_type=\"column\">\n\t\t\t<div class=\"elementor-widget-wrap elementor-element-populated\">\n\t\t\t\t\t\t<div class=\"elementor-element elementor-element-911f8db elementor-widget elementor-widget-image\" data-id=\"911f8db\" data-element_type=\"widget\" data-widget_type=\"image.default\">\n\t\t\t\t<div class=\"elementor-widget-container\">\n\t\t\t\t\t\t\t\t\t\t\t\t\t\t\t<img decoding=\"async\" src=\"https:\/\/bbbarcos.com\/novo\/wp-content\/uploads\/elementor\/thumbs\/cama1-1-nrvcbe60jmowlm6qem76buzabikh7xmon1r9rj8lo8.jpg\" title=\"cama1 1\" alt=\"cama1 1\" loading=\"lazy\" \/>\t\t\t\t\t\t\t\t\t\t\t\t\t\t\t<\/div>\n\t\t\t\t<\/div>\n\t\t\t\t\t<\/div>\n\t\t<\/div>\n\t\t\t\t<div class=\"elementor-column elementor-col-50 elementor-inner-column elementor-element elementor-element-c57bcec\" data-id=\"c57bcec\" data-element_type=\"column\">\n\t\t\t<div class=\"elementor-widget-wrap elementor-element-populated\">\n\t\t\t\t\t\t<div class=\"elementor-element elementor-element-ad4cd9f elementor-widget elementor-widget-image\" data-id=\"ad4cd9f\" data-element_type=\"widget\" data-widget_type=\"image.default\">\n\t\t\t\t<div class=\"elementor-widget-container\">\n\t\t\t\t\t\t\t\t\t\t\t\t\t\t\t<img decoding=\"async\" src=\"https:\/\/bbbarcos.com\/novo\/wp-content\/uploads\/elementor\/thumbs\/01-nrv8dawbf86hjoky473gepstkmwzn3jf3riw3px29k.jpg\" title=\"01\" alt=\"01\" loading=\"lazy\" \/>\t\t\t\t\t\t\t\t\t\t\t\t\t\t\t<\/div>\n\t\t\t\t<\/div>\n\t\t\t\t\t<\/div>\n\t\t<\/div>\n\t\t\t\t\t<\/div>\n\t\t<\/section>\n\t\t\t\t<section class=\"elementor-section elementor-inner-section elementor-element elementor-element-c313f24 elementor-section-boxed elementor-section-height-default elementor-section-height-default\" data-id=\"c313f24\" data-element_type=\"section\">\n\t\t\t\t\t\t<div class=\"elementor-container elementor-column-gap-default\">\n\t\t\t\t\t<div class=\"elementor-column elementor-col-50 elementor-inner-column elementor-element elementor-element-ca60ca2\" data-id=\"ca60ca2\" data-element_type=\"column\">\n\t\t\t<div class=\"elementor-widget-wrap elementor-element-populated\">\n\t\t\t\t\t\t<div class=\"elementor-element elementor-element-065853f elementor-widget elementor-widget-image\" data-id=\"065853f\" data-element_type=\"widget\" data-widget_type=\"image.default\">\n\t\t\t\t<div class=\"elementor-widget-container\">\n\t\t\t\t\t\t\t\t\t\t\t\t\t\t\t<img decoding=\"async\" src=\"https:\/\/bbbarcos.com\/novo\/wp-content\/uploads\/elementor\/thumbs\/rio-boulevard-tour-uma-nrva35nz5qurjwqfxfmmzlvsug1j623j9x06087et4.jpg\" title=\"rio-boulevard-tour-uma\" alt=\"rio-boulevard-tour-uma\" loading=\"lazy\" \/>\t\t\t\t\t\t\t\t\t\t\t\t\t\t\t<\/div>\n\t\t\t\t<\/div>\n\t\t\t\t\t<\/div>\n\t\t<\/div>\n\t\t\t\t<div class=\"elementor-column elementor-col-50 elementor-inner-column elementor-element elementor-element-46645fe\" data-id=\"46645fe\" data-element_type=\"column\">\n\t\t\t<div class=\"elementor-widget-wrap elementor-element-populated\">\n\t\t\t\t\t\t<div class=\"elementor-element elementor-element-9f12cf2 elementor-widget elementor-widget-image\" data-id=\"9f12cf2\" data-element_type=\"widget\" data-widget_type=\"image.default\">\n\t\t\t\t<div class=\"elementor-widget-container\">\n\t\t\t\t\t\t\t\t\t\t\t\t\t\t\t<img decoding=\"async\" src=\"https:\/\/bbbarcos.com\/novo\/wp-content\/uploads\/elementor\/thumbs\/DSC00947-nrv8dgjck8e7hccr79j7todl4y56xa5t4jfszdop88.jpg\" title=\"DSC00947\" alt=\"DSC00947\" loading=\"lazy\" \/>\t\t\t\t\t\t\t\t\t\t\t\t\t\t\t<\/div>\n\t\t\t\t<\/div>\n\t\t\t\t\t<\/div>\n\t\t<\/div>\n\t\t\t\t\t<\/div>\n\t\t<\/section>\n\t\t\t\t\t<\/div>\n\t\t<\/div>\n\t\t\t\t<div class=\"elementor-column elementor-col-50 elementor-top-column elementor-element elementor-element-942d185\" data-id=\"942d185\" data-element_type=\"column\">\n\t\t\t<div class=\"elementor-widget-wrap elementor-element-populated\">\n\t\t\t\t\t\t<div class=\"elementor-element elementor-element-4fc40de elementor-widget elementor-widget-text-editor\" data-id=\"4fc40de\" data-element_type=\"widget\" data-widget_type=\"text-editor.default\">\n\t\t\t\t<div class=\"elementor-widget-container\">\n\t\t\t\t\t\t\t\t\t<p>CAT 66&#8242; tem capacidade para at\u00e9 160 passageiros sentados, disposi\u00e7\u00e3o esta configur\u00e1vel de acordo com a necessidade do cliente. Conta com v\u00e1rios equipamentos de navega\u00e7\u00e3o, itens de conforto e seguran\u00e7a que o tornam uma das embarca\u00e7\u00f5es mais seguras da atualidade.<\/p>\t\t\t\t\t\t\t\t<\/div>\n\t\t\t\t<\/div>\n\t\t\t\t<div class=\"elementor-element elementor-element-93201df elementor-widget elementor-widget-text-editor\" data-id=\"93201df\" data-element_type=\"widget\" data-widget_type=\"text-editor.default\">\n\t\t\t\t<div class=\"elementor-widget-container\">\n\t\t\t\t\t\t\t\t\t<p><strong>TIPO DE SERVI\u00c7O<\/strong> | Transporte de passageiros<br \/><strong>CAPACIDADE<\/strong> | At\u00e9 160 passageiros<br \/><strong>PORTE BRUTO<\/strong> | 11,92 t<br \/><strong>ARQUEA\u00c7\u00c3O BRUTA<\/strong> | 64 AB<br \/><strong>ARQUEA\u00c7\u00c3O LIQUIDA<\/strong> | 33 AB<br \/><strong>COMPRIMENTO TOTAL<\/strong> | 20 m<br \/><strong>COMPRIMENTO PERPENDICULARES <\/strong> | 19,05 m<br \/><strong>BOCA MOLDADA<\/strong> | 7,00 m<br \/><strong>PONTAL MOLDADO<\/strong> | 1,80m<br \/><strong>DESLOCAMENTO LEVE<\/strong> | 17,20 t<br \/><strong>DESLOCAMENTO CARREGADO<\/strong> | 33,09 t<br \/><strong>VELOCIDADE M\u00c1XIMA<\/strong> | 32 knots<br \/><strong>VELOCIDADE DE CRUZEIRO<\/strong> | 28 knots<\/p>\t\t\t\t\t\t\t\t<\/div>\n\t\t\t\t<\/div>\n\t\t\t\t\t<\/div>\n\t\t<\/div>\n\t\t\t\t\t<\/div>\n\t\t<\/section>\n\t\t\t\t<section class=\"elementor-section elementor-top-section elementor-element elementor-element-77e7516 elementor-section-boxed elementor-section-height-default elementor-section-height-default\" data-id=\"77e7516\" data-element_type=\"section\">\n\t\t\t\t\t\t<div class=\"elementor-container elementor-column-gap-default\">\n\t\t\t\t\t<div class=\"elementor-column elementor-col-100 elementor-top-column elementor-element elementor-element-337b6ab\" data-id=\"337b6ab\" data-element_type=\"column\">\n\t\t\t<div class=\"elementor-widget-wrap elementor-element-populated\">\n\t\t\t\t\t\t<div class=\"elementor-element elementor-element-061d064 elementor-widget elementor-widget-spacer\" data-id=\"061d064\" data-element_type=\"widget\" data-widget_type=\"spacer.default\">\n\t\t\t\t<div class=\"elementor-widget-container\">\n\t\t\t\t\t\t\t<div class=\"elementor-spacer\">\n\t\t\t<div class=\"elementor-spacer-inner\"><\/div>\n\t\t<\/div>\n\t\t\t\t\t\t<\/div>\n\t\t\t\t<\/div>\n\t\t\t\t\t<\/div>\n\t\t<\/div>\n\t\t\t\t\t<\/div>\n\t\t<\/section>\n\t\t\t\t<section class=\"elementor-section elementor-top-section elementor-element elementor-element-d39d5b0 elementor-section-boxed elementor-section-height-default elementor-section-height-default\" data-id=\"d39d5b0\" data-element_type=\"section\">\n\t\t\t\t\t\t<div class=\"elementor-container elementor-column-gap-default\">\n\t\t\t\t\t<div class=\"elementor-column elementor-col-100 elementor-top-column elementor-element elementor-element-7b0f4b53\" data-id=\"7b0f4b53\" data-element_type=\"column\" data-settings=\"{&quot;background_background&quot;:&quot;classic&quot;}\">\n\t\t\t<div class=\"elementor-widget-wrap elementor-element-populated\">\n\t\t\t\t\t\t<div class=\"elementor-element elementor-element-8c7f87a elementor-widget elementor-widget-heading\" data-id=\"8c7f87a\" data-element_type=\"widget\" data-widget_type=\"heading.default\">\n\t\t\t\t<div class=\"elementor-widget-container\">\n\t\t\t\t\t<h3 class=\"elementor-heading-title elementor-size-default\">Nossas embarca\u00e7\u00f5es podem ser produzidas em diversas configura\u00e7\u00f5es diferentes. Entre em contato com nossos especialistas e saiba mais<\/h3>\t\t\t\t<\/div>\n\t\t\t\t<\/div>\n\t\t\t\t<div class=\"elementor-element elementor-element-90bf187 elementor-align-center elementor-widget elementor-widget-button\" data-id=\"90bf187\" data-element_type=\"widget\" data-widget_type=\"button.default\">\n\t\t\t\t<div class=\"elementor-widget-container\">\n\t\t\t\t\t\t\t\t\t<div class=\"elementor-button-wrapper\">\n\t\t\t\t\t<a class=\"elementor-button elementor-button-link elementor-size-sm\" href=\"https:\/\/bbbarcos.com\/novo\/contato\/\">\n\t\t\t\t\t\t<span class=\"elementor-button-content-wrapper\">\n\t\t\t\t\t\t\t\t\t<span class=\"elementor-button-text\">FALAR COM UM ESPECIALISTA<\/span>\n\t\t\t\t\t<\/span>\n\t\t\t\t\t<\/a>\n\t\t\t\t<\/div>\n\t\t\t\t\t\t\t\t<\/div>\n\t\t\t\t<\/div>\n\t\t\t\t<div class=\"elementor-element elementor-element-adbc20c elementor-widget elementor-widget-spacer\" data-id=\"adbc20c\" data-element_type=\"widget\" data-widget_type=\"spacer.default\">\n\t\t\t\t<div class=\"elementor-widget-container\">\n\t\t\t\t\t\t\t<div class=\"elementor-spacer\">\n\t\t\t<div class=\"elementor-spacer-inner\"><\/div>\n\t\t<\/div>\n\t\t\t\t\t\t<\/div>\n\t\t\t\t<\/div>\n\t\t\t\t\t<\/div>\n\t\t<\/div>\n\t\t\t\t\t<\/div>\n\t\t<\/section>\n\t\t\t\t<section class=\"elementor-section elementor-top-section elementor-element elementor-element-682ecef elementor-section-boxed elementor-section-height-default elementor-section-height-default\" data-id=\"682ecef\" data-element_type=\"section\">\n\t\t\t\t\t\t<div class=\"elementor-container elementor-column-gap-default\">\n\t\t\t\t\t<div class=\"elementor-column elementor-col-100 elementor-top-column elementor-element elementor-element-6fdbd6c\" data-id=\"6fdbd6c\" data-element_type=\"column\">\n\t\t\t<div class=\"elementor-widget-wrap elementor-element-populated\">\n\t\t\t\t\t\t<div class=\"elementor-element elementor-element-33f3510 elementor-widget elementor-widget-spacer\" data-id=\"33f3510\" data-element_type=\"widget\" data-widget_type=\"spacer.default\">\n\t\t\t\t<div class=\"elementor-widget-container\">\n\t\t\t\t\t\t\t<div class=\"elementor-spacer\">\n\t\t\t<div class=\"elementor-spacer-inner\"><\/div>\n\t\t<\/div>\n\t\t\t\t\t\t<\/div>\n\t\t\t\t<\/div>\n\t\t\t\t\t<\/div>\n\t\t<\/div>\n\t\t\t\t\t<\/div>\n\t\t<\/section>\n\t\t\t\t<\/div>\n\t\t","protected":false},"excerpt":{"rendered":"<p>CAT 66&#8242; tem capacidade para at\u00e9 160 passageiros sentados, disposi\u00e7\u00e3o esta configur\u00e1vel de acordo com a necessidade do cliente. Conta com v\u00e1rios equipamentos de navega\u00e7\u00e3o, itens de conforto e seguran\u00e7a que o tornam uma das embarca\u00e7\u00f5es mais seguras da atualidade. TIPO DE SERVI\u00c7O | Transporte de passageirosCAPACIDADE | At\u00e9 160 passageirosPORTE BRUTO | 11,92 tARQUEA\u00c7\u00c3O [&hellip;]<\/p>\n","protected":false},"author":3,"featured_media":0,"parent":0,"menu_order":0,"comment_status":"closed","ping_status":"closed","template":"elementor_header_footer","meta":{"footnotes":""},"class_list":["post-1180","page","type-page","status-publish","hentry"],"_links":{"self":[{"href":"https:\/\/bbbarcos.com\/novo\/wp-json\/wp\/v2\/pages\/1180","targetHints":{"allow":["GET"]}}],"collection":[{"href":"https:\/\/bbbarcos.com\/novo\/wp-json\/wp\/v2\/pages"}],"about":[{"href":"https:\/\/bbbarcos.com\/novo\/wp-json\/wp\/v2\/types\/page"}],"author":[{"embeddable":true,"href":"https:\/\/bbbarcos.com\/novo\/wp-json\/wp\/v2\/users\/3"}],"replies":[{"embeddable":true,"href":"https:\/\/bbbarcos.com\/novo\/wp-json\/wp\/v2\/comments?post=1180"}],"version-history":[{"count":12,"href":"https:\/\/bbbarcos.com\/novo\/wp-json\/wp\/v2\/pages\/1180\/revisions"}],"predecessor-version":[{"id":1223,"href":"https:\/\/bbbarcos.com\/novo\/wp-json\/wp\/v2\/pages\/1180\/revisions\/1223"}],"wp:attachment":[{"href":"https:\/\/bbbarcos.com\/novo\/wp-json\/wp\/v2\/media?parent=1180"}],"curies":[{"name":"wp","href":"https:\/\/api.w.org\/{rel}","templated":true}]}}